{"id":2115,"date":"2022-04-12T20:26:41","date_gmt":"2022-04-12T18:26:41","guid":{"rendered":"https:\/\/pokeperfect.nl\/?page_id=2115"},"modified":"2026-01-13T14:43:24","modified_gmt":"2026-01-13T13:43:24","slug":"almere","status":"publish","type":"page","link":"https:\/\/pokeperfect.nl\/de\/almere\/","title":{"rendered":"Almere"},"content":{"rendered":"<div data-elementor-type=\"wp-page\" data-elementor-id=\"2115\" class=\"elementor elementor-2115\" data-elementor-post-type=\"page\">\n\t\t\t\t\t\t<section class=\"elementor-section elementor-top-section elementor-element elementor-element-53a81f5b elementor-section-boxed elementor-section-height-default elementor-section-height-default\" data-id=\"53a81f5b\" data-element_type=\"section\" data-e-type=\"section\" data-settings=\"{&quot;jet_parallax_layout_list&quot;:[]}\">\n\t\t\t\t\t\t<div class=\"elementor-container elementor-column-gap-default\">\n\t\t\t\t\t<div class=\"elementor-column elementor-col-100 elementor-top-column elementor-element elementor-element-05b325b\" data-id=\"05b325b\" data-element_type=\"column\" data-e-type=\"column\">\n\t\t\t<div class=\"elementor-widget-wrap elementor-element-populated\">\n\t\t\t\t\t\t<section class=\"elementor-section elementor-inner-section elementor-element elementor-element-bb23a2f elementor-section-boxed elementor-section-height-default elementor-section-height-default\" data-id=\"bb23a2f\" data-element_type=\"section\" data-e-type=\"section\" data-settings=\"{&quot;jet_parallax_layout_list&quot;:[]}\">\n\t\t\t\t\t\t<div class=\"elementor-container elementor-column-gap-no\">\n\t\t\t\t\t<div class=\"elementor-column elementor-col-100 elementor-inner-column elementor-element elementor-element-5684dfb\" data-id=\"5684dfb\" data-element_type=\"column\" data-e-type=\"column\">\n\t\t\t<div class=\"elementor-widget-wrap elementor-element-populated\">\n\t\t\t\t\t\t<div class=\"elementor-element elementor-element-6f10190 elementor-widget elementor-widget-heading\" data-id=\"6f10190\" data-element_type=\"widget\" data-e-type=\"widget\" data-widget_type=\"heading.default\">\n\t\t\t\t<div class=\"elementor-widget-container\">\n\t\t\t\t\t<h1 class=\"elementor-heading-title elementor-size-default\">Pok\u00e9 Perfect Restaurant | Almere\n<\/h1>\t\t\t\t<\/div>\n\t\t\t\t<\/div>\n\t\t\t\t<div class=\"elementor-element elementor-element-95ee8d5 elementor-invisible elementor-widget elementor-widget-text-editor\" data-id=\"95ee8d5\" data-element_type=\"widget\" data-e-type=\"widget\" data-settings=\"{&quot;_animation&quot;:&quot;fadeIn&quot;}\" data-widget_type=\"text-editor.default\">\n\t\t\t\t<div class=\"elementor-widget-container\">\n\t\t\t\t\t\t\t\t\t<p>Bist du auch ein gro\u00dfer Pok\u00e9ball-Fan? Dann sind Sie bei uns genau richtig! Besuchen Sie eines unserer Restaurants in Almere. Unsere T\u00fcren stehen f\u00fcr Sie offen und wir sind bereit, Ihre Lieblings-Pok\u00e9-Bowl in Almere mit viel Sorgfalt und Liebe zuzubereiten.<\/p>\t\t\t\t\t\t\t\t<\/div>\n\t\t\t\t<\/div>\n\t\t\t\t\t<\/div>\n\t\t<\/div>\n\t\t\t\t\t<\/div>\n\t\t<\/section>\n\t\t\t\t\t<\/div>\n\t\t<\/div>\n\t\t\t\t\t<\/div>\n\t\t<\/section>\n\t\t\t\t<section class=\"elementor-section elementor-top-section elementor-element elementor-element-9f90071 elementor-section-boxed elementor-section-height-default elementor-section-height-default\" data-id=\"9f90071\" data-element_type=\"section\" data-e-type=\"section\" data-settings=\"{&quot;jet_parallax_layout_list&quot;:[]}\">\n\t\t\t\t\t\t<div class=\"elementor-container elementor-column-gap-default\">\n\t\t\t\t\t<div class=\"elementor-column elementor-col-50 elementor-top-column elementor-element elementor-element-9425e11\" data-id=\"9425e11\" data-element_type=\"column\" data-e-type=\"column\">\n\t\t\t<div class=\"elementor-widget-wrap elementor-element-populated\">\n\t\t\t\t\t\t<div class=\"elementor-element elementor-element-d55e49b elementor-cta--layout-image-above elementor-cta--valign-middle elementor-cta--skin-classic elementor-animated-content elementor-bg-transform elementor-bg-transform-zoom-in elementor-widget elementor-widget-call-to-action\" data-id=\"d55e49b\" data-element_type=\"widget\" data-e-type=\"widget\" data-widget_type=\"call-to-action.default\">\n\t\t\t\t<div class=\"elementor-widget-container\">\n\t\t\t\t\t\t\t<a class=\"elementor-cta\" href=\"https:\/\/pokeperfect.nl\/de\/almere\/almere-centrum\/\">\n\t\t\t\t\t<div class=\"elementor-cta__bg-wrapper\">\n\t\t\t\t<div class=\"elementor-cta__bg elementor-bg\" style=\"background-image: url(https:\/\/pokeperfect.nl\/wp-content\/uploads\/2023\/06\/Almere-new.jpg);\" role=\"img\" aria-label=\"Genie\u00dfen Sie leckere Pok\u00e9-Bowls mit frischen Zutaten im Restaurant Pok\u00e9 Perfect im Almere Centrum.\"><\/div>\n\t\t\t\t<div class=\"elementor-cta__bg-overlay\"><\/div>\n\t\t\t<\/div>\n\t\t\t\t\t\t\t\t<\/a>\n\t\t\t\t\t\t<\/div>\n\t\t\t\t<\/div>\n\t\t\t\t<div class=\"elementor-element elementor-element-224836c elementor-position-inline-start elementor-view-default elementor-widget elementor-widget-icon-box\" data-id=\"224836c\" data-element_type=\"widget\" data-e-type=\"widget\" data-widget_type=\"icon-box.default\">\n\t\t\t\t<div class=\"elementor-widget-container\">\n\t\t\t\t\t\t\t<div class=\"elementor-icon-box-wrapper\">\n\n\t\t\t\t\t\t<div class=\"elementor-icon-box-icon\">\n\t\t\t\t<a href=\"https:\/\/pokeperfect.nl\/de\/almere\/almere-centrum\/\" class=\"elementor-icon\" tabindex=\"-1\" aria-label=\"Almere Zentrum\">\n\t\t\t\t<i aria-hidden=\"true\" class=\"fas fa-circle\"><\/i>\t\t\t\t<\/a>\n\t\t\t<\/div>\n\t\t\t\n\t\t\t\t\t\t<div class=\"elementor-icon-box-content\">\n\n\t\t\t\t\t\t\t\t\t<h3 class=\"elementor-icon-box-title\">\n\t\t\t\t\t\t<a href=\"https:\/\/pokeperfect.nl\/de\/almere\/almere-centrum\/\" >\n\t\t\t\t\t\t\tAlmere Zentrum\t\t\t\t\t\t<\/a>\n\t\t\t\t\t<\/h3>\n\t\t\t\t\n\t\t\t\t\n\t\t\t<\/div>\n\t\t\t\n\t\t<\/div>\n\t\t\t\t\t\t<\/div>\n\t\t\t\t<\/div>\n\t\t\t\t\t<\/div>\n\t\t<\/div>\n\t\t\t\t<div class=\"elementor-column elementor-col-50 elementor-top-column elementor-element elementor-element-2ea6243\" data-id=\"2ea6243\" data-element_type=\"column\" data-e-type=\"column\">\n\t\t\t<div class=\"elementor-widget-wrap elementor-element-populated\">\n\t\t\t\t\t\t<div class=\"elementor-element elementor-element-f6fc817 elementor-cta--layout-image-above elementor-cta--skin-classic elementor-animated-content elementor-bg-transform elementor-bg-transform-zoom-in elementor-widget elementor-widget-call-to-action\" data-id=\"f6fc817\" data-element_type=\"widget\" data-e-type=\"widget\" data-widget_type=\"call-to-action.default\">\n\t\t\t\t<div class=\"elementor-widget-container\">\n\t\t\t\t\t\t\t<a class=\"elementor-cta\" href=\"https:\/\/pokeperfect.nl\/de\/almere\/almere-buiten\/\">\n\t\t\t\t\t<div class=\"elementor-cta__bg-wrapper\">\n\t\t\t\t<div class=\"elementor-cta__bg elementor-bg\" style=\"background-image: url(https:\/\/pokeperfect.nl\/wp-content\/uploads\/2024\/04\/Poke-Perfect-Restaurant-Almere-Buiten.jpeg);\" role=\"img\" aria-label=\"Das Restaurant Pok\u00e9 Perfect in Almere Buiten bietet eine k\u00f6stliche Auswahl an frisch zubereiteten Pok\u00e9-Bowls, perfekt f\u00fcr eine gesunde und schmackhafte Mahlzeit.\"><\/div>\n\t\t\t\t<div class=\"elementor-cta__bg-overlay\"><\/div>\n\t\t\t<\/div>\n\t\t\t\t\t\t\t\t<\/a>\n\t\t\t\t\t\t<\/div>\n\t\t\t\t<\/div>\n\t\t\t\t<div class=\"elementor-element elementor-element-60bb0b7 elementor-position-inline-start elementor-mobile-position-inline-start elementor-view-default elementor-widget elementor-widget-icon-box\" data-id=\"60bb0b7\" data-element_type=\"widget\" data-e-type=\"widget\" data-widget_type=\"icon-box.default\">\n\t\t\t\t<div class=\"elementor-widget-container\">\n\t\t\t\t\t\t\t<div class=\"elementor-icon-box-wrapper\">\n\n\t\t\t\t\t\t<div class=\"elementor-icon-box-icon\">\n\t\t\t\t<a href=\"https:\/\/pokeperfect.nl\/de\/almere\/almere-buiten\/\" class=\"elementor-icon\" tabindex=\"-1\" aria-label=\"Almere Buiten\">\n\t\t\t\t<i aria-hidden=\"true\" class=\"fas fa-circle\"><\/i>\t\t\t\t<\/a>\n\t\t\t<\/div>\n\t\t\t\n\t\t\t\t\t\t<div class=\"elementor-icon-box-content\">\n\n\t\t\t\t\t\t\t\t\t<h3 class=\"elementor-icon-box-title\">\n\t\t\t\t\t\t<a href=\"https:\/\/pokeperfect.nl\/de\/almere\/almere-buiten\/\" >\n\t\t\t\t\t\t\tAlmere Buiten\t\t\t\t\t\t<\/a>\n\t\t\t\t\t<\/h3>\n\t\t\t\t\n\t\t\t\t\n\t\t\t<\/div>\n\t\t\t\n\t\t<\/div>\n\t\t\t\t\t\t<\/div>\n\t\t\t\t<\/div>\n\t\t\t\t\t<\/div>\n\t\t<\/div>\n\t\t\t\t\t<\/div>\n\t\t<\/section>\n\t\t\t\t<section class=\"elementor-section elementor-top-section elementor-element elementor-element-6b5cd146 elementor-section-full_width elementor-section-height-min-height elementor-section-content-middle elementor-section-height-default elementor-section-items-middle\" data-id=\"6b5cd146\" data-element_type=\"section\" data-e-type=\"section\" data-settings=\"{&quot;jet_parallax_layout_list&quot;:[],&quot;background_background&quot;:&quot;classic&quot;}\">\n\t\t\t\t\t\t<div class=\"elementor-container elementor-column-gap-default\">\n\t\t\t\t\t<div class=\"elementor-column elementor-col-50 elementor-top-column elementor-element elementor-element-4e80aa06\" data-id=\"4e80aa06\" data-element_type=\"column\" data-e-type=\"column\">\n\t\t\t<div class=\"elementor-widget-wrap\">\n\t\t\t\t\t\t\t<\/div>\n\t\t<\/div>\n\t\t\t\t<div class=\"elementor-column elementor-col-50 elementor-top-column elementor-element elementor-element-4daf1854\" data-id=\"4daf1854\" data-element_type=\"column\" data-e-type=\"column\">\n\t\t\t<div class=\"elementor-widget-wrap\">\n\t\t\t\t\t\t\t<\/div>\n\t\t<\/div>\n\t\t\t\t\t<\/div>\n\t\t<\/section>\n\t\t\t\t<section class=\"elementor-section elementor-top-section elementor-element elementor-element-6eb37f9f elementor-reverse-mobile elementor-section-boxed elementor-section-height-default elementor-section-height-default\" data-id=\"6eb37f9f\" data-element_type=\"section\" data-e-type=\"section\" data-settings=\"{&quot;jet_parallax_layout_list&quot;:[]}\">\n\t\t\t\t\t\t<div class=\"elementor-container elementor-column-gap-custom\">\n\t\t\t\t\t<div class=\"elementor-column elementor-col-50 elementor-top-column elementor-element elementor-element-dcdee32\" data-id=\"dcdee32\" data-element_type=\"column\" data-e-type=\"column\">\n\t\t\t<div class=\"elementor-widget-wrap elementor-element-populated\">\n\t\t\t\t\t\t<div class=\"elementor-element elementor-element-551c9a33 animated-slow elementor-invisible elementor-widget elementor-widget-image\" data-id=\"551c9a33\" data-element_type=\"widget\" data-e-type=\"widget\" data-settings=\"{&quot;_animation&quot;:&quot;fadeInLeft&quot;,&quot;_animation_tablet&quot;:&quot;fadeInLeft&quot;,&quot;_animation_mobile&quot;:&quot;none&quot;,&quot;_animation_delay&quot;:100}\" data-widget_type=\"image.default\">\n\t\t\t\t<div class=\"elementor-widget-container\">\n\t\t\t\t\t\t\t\t\t\t\t\t\t\t\t<img fetchpriority=\"high\" decoding=\"async\" width=\"1200\" height=\"1798\" src=\"https:\/\/pokeperfect.nl\/wp-content\/uploads\/2022\/03\/PokePerfect-2022-916-scaled-e1729099157624.jpg\" class=\"attachment-full size-full wp-image-7440\" alt=\"Leckere Pok\u00e9-Bowls und Snacks von Pok\u00e9 Perfect, zusammengestellt aus frischen Zutaten, perfekt als Snack, Mittag- oder Abendessen oder f\u00fcr Veranstaltungen und Partys.\" \/>\t\t\t\t\t\t\t\t\t\t\t\t\t\t\t<\/div>\n\t\t\t\t<\/div>\n\t\t\t\t\t<\/div>\n\t\t<\/div>\n\t\t\t\t<div class=\"elementor-column elementor-col-50 elementor-top-column elementor-element elementor-element-48cc4c22\" data-id=\"48cc4c22\" data-element_type=\"column\" data-e-type=\"column\">\n\t\t\t<div class=\"elementor-widget-wrap elementor-element-populated\">\n\t\t\t\t\t\t<div class=\"elementor-element elementor-element-46ae6105 elementor-widget elementor-widget-heading\" data-id=\"46ae6105\" data-element_type=\"widget\" data-e-type=\"widget\" data-settings=\"{&quot;_animation&quot;:&quot;none&quot;}\" data-widget_type=\"heading.default\">\n\t\t\t\t<div class=\"elementor-widget-container\">\n\t\t\t\t\t<h2 class=\"elementor-heading-title elementor-size-default\">Unser Restaurant-Men\u00fc<\/h2>\t\t\t\t<\/div>\n\t\t\t\t<\/div>\n\t\t\t\t<div class=\"elementor-element elementor-element-497e2117 elementor-widget elementor-widget-text-editor\" data-id=\"497e2117\" data-element_type=\"widget\" data-e-type=\"widget\" data-widget_type=\"text-editor.default\">\n\t\t\t\t<div class=\"elementor-widget-container\">\n\t\t\t\t\t\t\t\t\t<p>Eine Pok\u00e9-Bowl (ausgesprochen: Pokay) ist ein traditionelles hawaiianisches Gericht, das urspr\u00fcnglich aus Sushi-Reis, rohem Fisch und verschiedenen Beilagen besteht und in einer Sch\u00fcssel serviert wird. Man k\u00f6nnte es eigentlich als Sushi in einer Sch\u00fcssel bezeichnen. Machen Sie sich keine Sorgen, wenn Sie kein Fan von rohem Fisch sind. In unserem Pok\u00e9 Perfect-Restaurant in Almere haben Sie die Wahl zwischen vielen anderen Optionen.<\/p>\t\t\t\t\t\t\t\t<\/div>\n\t\t\t\t<\/div>\n\t\t\t\t<div class=\"elementor-element elementor-element-4b5d38ac elementor-align-center elementor-widget elementor-widget-raven-button\" data-id=\"4b5d38ac\" data-element_type=\"widget\" data-e-type=\"widget\" data-settings=\"{&quot;turn_to_popup_action_button&quot;:&quot;no&quot;}\" data-widget_type=\"raven-button.default\">\n\t\t\t\t<div class=\"elementor-widget-container\">\n\t\t\t\t\t\t\t<div class=\"raven-widget-wrapper\">\n\t\t\t<a class=\"raven-button raven-button-widget-normal-effect-none  raven-button-text-align-center raven-button-link elementor-animation-grow\" href=\"https:\/\/pokeperfect.nl\/de\/menu\/\">\t\t\t\t<div class=\"raven-button-overlay\" ><\/div>\n\t\t\t\t<span class=\"raven-button-content\">\n\t\t\t\t\t\n\t\t\t\t\t<div class=\"button-text-container\">\n\t\t\t\t\t\t\t\t\t\t\t\t<div class=\"raven-button-texts-wrapper\">\n\t\t\t\t\t\t\t<div class=\"button-text\">\n\t\t\t\t\t\t\t\t<span class=\"raven-button-text\">\n\t\t\t\t\t\t\t\t\tMen\u00fc anzeigen\t\t\t\t\t\t\t\t<\/span>\n\t\t\t\t\t\t\t<\/div>\n\t\t\t\t\t\t\t\t\t\t\t\t\t<\/div>\n\t\t\t\t\t\t\t\t\t\t\t<\/div>\n\t\t\t\t\t\n\t\t\t\t\t\t\t\t\t<\/span>\n\t\t\t<\/a>\t\t<\/div>\n\t\t\t\t\t\t<\/div>\n\t\t\t\t<\/div>\n\t\t\t\t\t<\/div>\n\t\t<\/div>\n\t\t\t\t\t<\/div>\n\t\t<\/section>\n\t\t\t\t<section class=\"elementor-section elementor-top-section elementor-element elementor-element-549edf1b elementor-section-boxed elementor-section-height-default elementor-section-height-default\" data-id=\"549edf1b\" data-element_type=\"section\" data-e-type=\"section\" data-settings=\"{&quot;background_background&quot;:&quot;classic&quot;,&quot;jet_parallax_layout_list&quot;:[]}\">\n\t\t\t\t\t\t<div class=\"elementor-container elementor-column-gap-custom\">\n\t\t\t\t\t<div class=\"elementor-column elementor-col-50 elementor-top-column elementor-element elementor-element-1b903ded\" data-id=\"1b903ded\" data-element_type=\"column\" data-e-type=\"column\">\n\t\t\t<div class=\"elementor-widget-wrap elementor-element-populated\">\n\t\t\t\t\t\t<div class=\"elementor-element elementor-element-1b633fd8 elementor-widget elementor-widget-spacer\" data-id=\"1b633fd8\" data-element_type=\"widget\" data-e-type=\"widget\" data-widget_type=\"spacer.default\">\n\t\t\t\t<div class=\"elementor-widget-container\">\n\t\t\t\t\t\t\t<div class=\"elementor-spacer\">\n\t\t\t<div class=\"elementor-spacer-inner\"><\/div>\n\t\t<\/div>\n\t\t\t\t\t\t<\/div>\n\t\t\t\t<\/div>\n\t\t\t\t<div class=\"elementor-element elementor-element-249c808 elementor-widget elementor-widget-spacer\" data-id=\"249c808\" data-element_type=\"widget\" data-e-type=\"widget\" data-widget_type=\"spacer.default\">\n\t\t\t\t<div class=\"elementor-widget-container\">\n\t\t\t\t\t\t\t<div class=\"elementor-spacer\">\n\t\t\t<div class=\"elementor-spacer-inner\"><\/div>\n\t\t<\/div>\n\t\t\t\t\t\t<\/div>\n\t\t\t\t<\/div>\n\t\t\t\t<div class=\"elementor-element elementor-element-4fbe5bf6 elementor-widget elementor-widget-text-editor\" data-id=\"4fbe5bf6\" data-element_type=\"widget\" data-e-type=\"widget\" data-widget_type=\"text-editor.default\">\n\t\t\t\t<div class=\"elementor-widget-container\">\n\t\t\t\t\t\t\t\t\t<p>Wir suchen neue Kollegen f\u00fcr unsere Filiale in Almere. Du bist verr\u00fcckt nach Pok\u00e9b\u00e4llen und suchst einen flexiblen Nebenjob neben Schule oder Studium? Werden Sie Pok\u00e9-Profi! Du liebst die Natur und das Unterwegssein? Bringen Sie als Auslieferungsfahrer unsere Bestellungen mit dem Elektrofahrrad oder -roller zu uns. Hast du F\u00fchrungserfahrung und begeisterst dich f\u00fcr unser Produkt und unsere Teams? Dann sind Sie vielleicht der perfekte Kandidat f\u00fcr einen Pok\u00e9 Master in Voll- oder Teilzeit und sorgen daf\u00fcr, dass w\u00e4hrend Ihrer Schicht alles reibungslos l\u00e4uft. Vielleicht bist du aber auch der perfekte Pok\u00e9 Chief und kannst deine eigene Filiale selbstst\u00e4ndig leiten. Wenn du noch jung bist und ins Berufsleben einsteigen m\u00f6chtest, kannst du bei uns mit 15 Jahren als Tellerw\u00e4scher f\u00fcr einen festen Abend in der Woche anfangen und dich im Laufe der Zeit zum Auslieferungsfahrer, Pok\u00e9 Pro oder vielleicht sogar dar\u00fcber hinaus entwickeln!<br \/>Wer wei\u00df, vielleicht sehen wir uns ja bald als neues Mitglied unserer Pok\u00e9 Perfect Familie!<\/p>\t\t\t\t\t\t\t\t<\/div>\n\t\t\t\t<\/div>\n\t\t\t\t<div class=\"elementor-element elementor-element-48083b03 elementor-align-center elementor-widget elementor-widget-raven-button\" data-id=\"48083b03\" data-element_type=\"widget\" data-e-type=\"widget\" data-settings=\"{&quot;turn_to_popup_action_button&quot;:&quot;no&quot;}\" data-widget_type=\"raven-button.default\">\n\t\t\t\t<div class=\"elementor-widget-container\">\n\t\t\t\t\t\t\t<div class=\"raven-widget-wrapper\">\n\t\t\t<a class=\"raven-button raven-button-widget-normal-effect-none  raven-button-text-align-center raven-button-link elementor-animation-grow\" href=\"https:\/\/pokeperfect.nl\/de\/vacatures\/\">\t\t\t\t<div class=\"raven-button-overlay\" ><\/div>\n\t\t\t\t<span class=\"raven-button-content\">\n\t\t\t\t\t\n\t\t\t\t\t<div class=\"button-text-container\">\n\t\t\t\t\t\t\t\t\t\t\t\t<div class=\"raven-button-texts-wrapper\">\n\t\t\t\t\t\t\t<div class=\"button-text\">\n\t\t\t\t\t\t\t\t<span class=\"raven-button-text\">\n\t\t\t\t\t\t\t\t\tKarrieren\t\t\t\t\t\t\t\t<\/span>\n\t\t\t\t\t\t\t<\/div>\n\t\t\t\t\t\t\t\t\t\t\t\t\t<\/div>\n\t\t\t\t\t\t\t\t\t\t\t<\/div>\n\t\t\t\t\t\n\t\t\t\t\t\t\t\t\t<\/span>\n\t\t\t<\/a>\t\t<\/div>\n\t\t\t\t\t\t<\/div>\n\t\t\t\t<\/div>\n\t\t\t\t\t<\/div>\n\t\t<\/div>\n\t\t\t\t<div class=\"elementor-column elementor-col-50 elementor-top-column elementor-element elementor-element-1f87db60\" data-id=\"1f87db60\" data-element_type=\"column\" data-e-type=\"column\">\n\t\t\t<div class=\"elementor-widget-wrap elementor-element-populated\">\n\t\t\t\t\t\t<div class=\"elementor-element elementor-element-b777c2e animated-slow elementor-invisible elementor-widget elementor-widget-image\" data-id=\"b777c2e\" data-element_type=\"widget\" data-e-type=\"widget\" data-settings=\"{&quot;_animation&quot;:&quot;fadeInRight&quot;,&quot;_animation_delay&quot;:100,&quot;_animation_tablet&quot;:&quot;fadeInRight&quot;}\" data-widget_type=\"image.default\">\n\t\t\t\t<div class=\"elementor-widget-container\">\n\t\t\t\t\t\t\t\t\t\t\t\t\t\t\t<img decoding=\"async\" width=\"1024\" height=\"683\" src=\"https:\/\/pokeperfect.nl\/wp-content\/uploads\/2022\/03\/Menu-Poke-Perfect-1024x683.jpg\" class=\"attachment-large size-large wp-image-7448\" alt=\"Ein Teammitglied von Pok\u00e9 Perfect in Aktion, das mit Leidenschaft frische Pok\u00e9-Bowls zubereitet und eine einladende Arbeitsumgebung f\u00fcr neue Kollegen schafft.\" srcset=\"https:\/\/pokeperfect.nl\/wp-content\/uploads\/2022\/03\/Menu-Poke-Perfect-1024x683.jpg 1024w, https:\/\/pokeperfect.nl\/wp-content\/uploads\/2022\/03\/Menu-Poke-Perfect-300x200.jpg 300w, https:\/\/pokeperfect.nl\/wp-content\/uploads\/2022\/03\/Menu-Poke-Perfect-768x512.jpg 768w, https:\/\/pokeperfect.nl\/wp-content\/uploads\/2022\/03\/Menu-Poke-Perfect-1536x1024.jpg 1536w, https:\/\/pokeperfect.nl\/wp-content\/uploads\/2022\/03\/Menu-Poke-Perfect-2048x1365.jpg 2048w, https:\/\/pokeperfect.nl\/wp-content\/uploads\/2022\/03\/Menu-Poke-Perfect-scaled-e1649009104246.jpg 1600w\" sizes=\"(max-width: 1024px) 100vw, 1024px\" \/>\t\t\t\t\t\t\t\t\t\t\t\t\t\t\t<\/div>\n\t\t\t\t<\/div>\n\t\t\t\t\t<\/div>\n\t\t<\/div>\n\t\t\t\t\t<\/div>\n\t\t<\/section>\n\t\t\t\t<\/div>","protected":false},"excerpt":{"rendered":"<p>Pok\u00e9 Perfect Restaurant | Almere Bist du auch ein gro\u00dfer Pok\u00e9-Bowl-Fan? Dann sind Sie bei uns genau richtig! Besuchen Sie eines unserer Restaurants in Almere. Unsere T\u00fcren stehen f\u00fcr Sie offen und wir sind bereit, Ihre Lieblings-Pok\u00e9-Bowl in Almere mit viel Sorgfalt und Liebe zuzubereiten. Almere Centrum [...]<\/p>","protected":false},"author":1,"featured_media":2479,"parent":0,"menu_order":0,"comment_status":"closed","ping_status":"closed","template":"elementor_header_footer","meta":{"_acf_changed":false,"footnotes":"","_wpscppro_dont_share_socialmedia":false,"_wpscppro_custom_social_share_image":0,"_facebook_share_type":"","_twitter_share_type":"","_linkedin_share_type":"","_pinterest_share_type":"","_linkedin_share_type_page":"","_instagram_share_type":"","_medium_share_type":"","_threads_share_type":"","_google_business_share_type":"","_selected_social_profile":[],"_wpsp_enable_custom_social_template":false,"_wpsp_social_scheduling":{"enabled":false,"datetime":null,"platforms":[],"status":"template_only","dateOption":"today","timeOption":"now","customDays":"","customHours":"","customDate":"","customTime":"","schedulingType":"absolute"},"_wpsp_active_default_template":true},"locatie":[60],"class_list":["post-2115","page","type-page","status-publish","has-post-thumbnail","hentry","locatie-almere-centrum"],"acf":[],"_links":{"self":[{"href":"https:\/\/pokeperfect.nl\/de\/wp-json\/wp\/v2\/pages\/2115","targetHints":{"allow":["GET"]}}],"collection":[{"href":"https:\/\/pokeperfect.nl\/de\/wp-json\/wp\/v2\/pages"}],"about":[{"href":"https:\/\/pokeperfect.nl\/de\/wp-json\/wp\/v2\/types\/page"}],"author":[{"embeddable":true,"href":"https:\/\/pokeperfect.nl\/de\/wp-json\/wp\/v2\/users\/1"}],"replies":[{"embeddable":true,"href":"https:\/\/pokeperfect.nl\/de\/wp-json\/wp\/v2\/comments?post=2115"}],"version-history":[{"count":242,"href":"https:\/\/pokeperfect.nl\/de\/wp-json\/wp\/v2\/pages\/2115\/revisions"}],"predecessor-version":[{"id":13484,"href":"https:\/\/pokeperfect.nl\/de\/wp-json\/wp\/v2\/pages\/2115\/revisions\/13484"}],"wp:featuredmedia":[{"embeddable":true,"href":"https:\/\/pokeperfect.nl\/de\/wp-json\/wp\/v2\/media\/2479"}],"wp:attachment":[{"href":"https:\/\/pokeperfect.nl\/de\/wp-json\/wp\/v2\/media?parent=2115"}],"wp:term":[{"taxonomy":"locatie","embeddable":true,"href":"https:\/\/pokeperfect.nl\/de\/wp-json\/wp\/v2\/locatie?post=2115"}],"curies":[{"name":"wp","href":"https:\/\/api.w.org\/{rel}","templated":true}]}}