{"id":6941,"date":"2022-03-24T04:03:58","date_gmt":"2022-03-24T03:03:58","guid":{"rendered":"https:\/\/pokeperfect.nl\/1643204594442\/?page_id=6941"},"modified":"2022-03-24T04:21:26","modified_gmt":"2022-03-24T03:21:26","slug":"privacy-beleid","status":"publish","type":"page","link":"https:\/\/pokeperfect.nl\/es\/politica-de-privacidad\/","title":{"rendered":"Pol\u00edtica de privacidad"},"content":{"rendered":"<div data-elementor-type=\"wp-page\" data-elementor-id=\"6941\" class=\"elementor elementor-6941\" data-elementor-post-type=\"page\">\n\t\t\t\t\t\t<section class=\"elementor-section elementor-top-section elementor-element elementor-element-dcd8d08 elementor-section-boxed elementor-section-height-default elementor-section-height-default\" data-id=\"dcd8d08\" data-element_type=\"section\" data-e-type=\"section\" data-settings=\"{&quot;jet_parallax_layout_list&quot;:[]}\">\n\t\t\t\t\t\t<div class=\"elementor-container elementor-column-gap-default\">\n\t\t\t\t\t<div class=\"elementor-column elementor-col-100 elementor-top-column elementor-element elementor-element-d2a4af2\" data-id=\"d2a4af2\" data-element_type=\"column\" data-e-type=\"column\">\n\t\t\t<div class=\"elementor-widget-wrap elementor-element-populated\">\n\t\t\t\t\t\t<div class=\"elementor-element elementor-element-1405a0e elementor-widget elementor-widget-heading\" data-id=\"1405a0e\" data-element_type=\"widget\" data-e-type=\"widget\" data-widget_type=\"heading.default\">\n\t\t\t\t<div class=\"elementor-widget-container\">\n\t\t\t\t\t<h1 class=\"elementor-heading-title elementor-size-default\">Pol\u00edtica de privacidad<\/h1>\t\t\t\t<\/div>\n\t\t\t\t<\/div>\n\t\t\t\t<div class=\"elementor-element elementor-element-b99d98a elementor-widget elementor-widget-text-editor\" data-id=\"b99d98a\" data-element_type=\"widget\" data-e-type=\"widget\" data-widget_type=\"text-editor.default\">\n\t\t\t\t<div class=\"elementor-widget-container\">\n\t\t\t\t\t\t\t\t\t<p>Informaci\u00f3n sobre el tratamiento de datos personales seg\u00fan y para los fines descritos en el art\u00edculo 13 del nuevo Reglamento Europeo 2016\/679 relativo a la protecci\u00f3n de las personas f\u00edsicas en lo que respecta al tratamiento de datos personales (Reglamento General de Protecci\u00f3n de Datos - RGPD).<\/p><h4>Tu privacidad<\/h4><p>Pok\u00e9 Perfect Beheer B.V. con sede en \u00c1msterdam, en Prinsengracht 502H, 1017KH, registrada en la C\u00e1mara de Comercio con el n\u00famero 70794332 y n\u00famero de IVA NL858462242B01 (en lo sucesivo, \"Poke\") se compromete continuamente a proteger la privacidad de sus usuarios. El presente documento se ha elaborado de conformidad con el art\u00edculo 13 del Reglamento General de Protecci\u00f3n de Datos (Reglamento UE 2016\/679) (en lo sucesivo, el \"Reglamento\") para informarle de c\u00f3mo tratamos sus datos personales cuando usted (i) utiliza el sitio web <a href=\"https:\/\/pokeperfect.nl\/es\/\">www.pokeperfect.nl<\/a> visitas, (ii) llega a rewards.pokeperfect.co.uk escaneando nuestro c\u00f3digo QR en nuestro sitio web y\/o en materiales promocionales (folletos, marketing en tiendas, etc.) y (iii) cuando utilizas Pok\u00e9 Perfect Rewards (en lo sucesivo, el \"<strong>Billetera m\u00f3vil<\/strong>\"), que le mantendr\u00e1 informado de todas las nuevas iniciativas y ofertas dirigidas a usted ((i), (ii) y (iii) se denominar\u00e1n en lo sucesivo conjuntamente el \"<strong>Plataformas<\/strong>\") y, en su caso, c\u00f3mo tratamos sus datos personales cuando usted ha dado su consentimiento expl\u00edcito al tratamiento de sus datos personales. Si ha dado su consentimiento para el tratamiento de sus datos personales, tambi\u00e9n podr\u00e1 revocarlo en cualquier momento.<\/p><p>De conformidad con el Reglamento, el tratamiento de datos personales realizado por Poke se lleva a cabo de acuerdo con los principios (mencionados en el art. 5 del Reglamento) de licitud, lealtad, transparencia, limitaci\u00f3n de la finalidad, minimizaci\u00f3n de datos, exactitud, limitaci\u00f3n del almacenamiento, integridad y confidencialidad.<\/p><p>Adem\u00e1s, le recordamos que los servicios ofrecidos por Poke a trav\u00e9s de las Plataformas est\u00e1n destinados \u00fanicamente a mayores de 16 a\u00f1os. Para los menores de 16 a\u00f1os, el uso de los Servicios s\u00f3lo est\u00e1 permitido con el consentimiento de sus padres o tutores. Si Poke descubre que posee datos personales de personas menores de 16 a\u00f1os sin el consentimiento v\u00e1lido de sus padres o tutores, eliminar\u00e1 dichos datos inmediatamente.<\/p><p>Para m\u00e1s detalles sobre c\u00f3mo Poke maneja sus datos personales, consulte nuestra Pol\u00edtica de Cookies que contiene informaci\u00f3n sobre (i) el uso de cookies en las Plataformas y (ii) los t\u00e9rminos y condiciones de nuestros servicios.<\/p><p>Para algunos de nuestros servicios, podemos tratar sus datos personales para cumplir una obligaci\u00f3n legal. En tal caso, le facilitaremos toda la informaci\u00f3n pertinente caso por caso.<\/p><h4>El controlador<\/h4><p>El responsable del tratamiento de sus datos personales es <strong>Pok\u00e9 Perfect Beheer B.V.<\/strong> con sede en \u00c1msterdam, en Prinsengracht 502H, 1017KH, registrada en la C\u00e1mara de Comercio con el n\u00famero 70794332 y el n\u00famero de IVA.<\/p><div class=\"page\" title=\"P\u00e1gina 2\"><div class=\"layoutArea\"><div class=\"column\"><p>NL858462242B01 (en lo sucesivo denominado \"<strong>Poke<\/strong>\"). Puede ponerse en contacto con el responsable del tratamiento en cualquier momento enviando una solicitud a info@pokeperfect.nl, si necesita aclaraciones, tiene preguntas o desea abordar otras cuestiones relativas a su privacidad y al tratamiento de sus datos personales.<\/p><h4>Tipo de datos personales y finalidad de su tratamiento<\/h4><p>Poke procesa los datos personales que usted proporciona cuando realiza un pedido y compra productos, la informaci\u00f3n que recopila cuando utiliza los servicios ofrecidos en el Sitio Web y la informaci\u00f3n que proporciona cuando se suscribe al Bolet\u00edn Informativo.<\/p><h4>Para estas actividades, Poke procesa ciertos datos personales sobre usted, tales como:<\/h4><ul><li>Tu nombre, apellidos, sexo, fecha de nacimiento, idioma, la ciudad donde sueles comer en Poke;<\/li><li>Su direcci\u00f3n, n\u00famero de tel\u00e9fono, direcci\u00f3n de correo electr\u00f3nico y otros datos de contacto necesarios para entregar un pedido<\/li><li>Datos de navegaci\u00f3n (direcci\u00f3n IP, datos de inicio de sesi\u00f3n, tipo y versi\u00f3n del navegador, tipos y versiones de los complementos del navegador, sistema operativo y plataforma, datos sobre su visita, como la URL de entrada\/salida del sitio web);<\/li><li>Datos sobre sus h\u00e1bitos de compra de nuestros productos (por ejemplo, su pok\u00e9 bowl favorito);<\/li><li>Su direcci\u00f3n de correo electr\u00f3nico cuando se suscribe a nuestro servicio de boletines y\/o obtiene su Mobile Wallet;<\/li><li>Tratamos los datos personales que nos ofrece cuando se pone en contacto con nuestro Servicio de Atenci\u00f3n al Cliente para que podamos prestarle la ayuda que necesita;<\/li><li>Los datos que usted nos proporciona cuando se registra en las Plataformas y utiliza los servicios disponibles para los usuarios registrados, tales como, entre otros, promociones, actualizaciones sobre nuestros productos, descuentos, etc. Esta actividad s\u00f3lo es posible cuando usted introduce determinados datos personales necesarios para verificar la identidad del usuario concreto;<\/li><li>Los datos contenidos en un CV que nos env\u00ede; esta informaci\u00f3n se utiliza exclusivamente para evaluar su compatibilidad con los puestos vacantes. Los CV se conservan un m\u00e1ximo de seis meses.<\/li><\/ul><p>Si no desea recibir m\u00e1s comunicaciones de Poke o decide retirar su consentimiento, puede hac\u00e9rnoslo saber simplemente haciendo clic en el enlace \"cancelar suscripci\u00f3n\" que aparece en la parte inferior de cada comunicaci\u00f3n, iniciando sesi\u00f3n en su Monedero M\u00f3vil y haciendo clic en los tres puntos de la parte superior derecha del mapa, y\/o poni\u00e9ndose en contacto con nuestro Departamento de Atenci\u00f3n al Cliente enviando un correo electr\u00f3nico a info@pokeperfect.nl. Es posible que reciba m\u00e1s comunicaciones nuestras despu\u00e9s de haber enviado su solicitud de baja, ya que algunas comunicaciones ya han sido programadas y nuestros sistemas necesitan tiempo para procesar su solicitud.<\/p><p>En relaci\u00f3n con las actividades anteriores, procesamos sus datos personales principalmente a trav\u00e9s de TIC y medios electr\u00f3nicos. Los medios que utilizamos garantizan altos niveles de seguridad que cumplen plenamente la normativa vigente.<\/p><p>\u00a0<\/p><h4>Sus datos personales se tratar\u00e1n para los siguientes fines:<\/h4><ul><li>An\u00e1lisis estad\u00edsticos y cuestionarios. Determinada informaci\u00f3n sobre el uso de las Plataformas se utiliza para realizar an\u00e1lisis estad\u00edsticos y cuestionarios con el fin de mejorar nuestra oferta y servicios y llevar a cabo actividades promocionales y de marketing;<\/li><\/ul><\/div><\/div><\/div><div class=\"page\" title=\"P\u00e1gina 3\"><div class=\"layoutArea\"><div class=\"column\"><ul><li>Prestaci\u00f3n de servicios disponibles en las Plataformas, como, entre otros, el env\u00edo de notificaciones push, cuando usted nos d\u00e9 su consentimiento;<\/li><li>Env\u00edo de comunicaciones relativas a acciones con validez limitada (por ejemplo, basadas en una franja horaria y\/o un per\u00edodo), en forma de descuentos y\/o productos gratuitos, a trav\u00e9s de la Cartera M\u00f3vil;<\/li><li>Con su consentimiento, los datos de contacto facilitados podr\u00e1n ser utilizados para comunicaciones comerciales a trav\u00e9s de nuestro bolet\u00edn de noticias sobre nuestros productos y servicios, ofertas y promociones, ofertas exclusivas, llegada de nuevos productos, etc. Estas comunicaciones se ofrecen a trav\u00e9s de diversos m\u00e9todos, como, por ejemplo, a t\u00edtulo meramente enunciativo y no limitativo, a trav\u00e9s de correo electr\u00f3nico, SMS, llamadas telef\u00f3nicas, mensajes de WhatsApp, canales de comunicaci\u00f3n mediante redes sociales como Instagram o Facebook, etc;<\/li><li>Poke personaliza tu experiencia sugiri\u00e9ndote productos y ofertas en funci\u00f3n de tus gustos y lo hace envi\u00e1ndote comunicaciones comerciales en funci\u00f3n de tus intereses o de los datos que nos facilites (sexo, fecha de nacimiento, etc.), a trav\u00e9s de diversos m\u00e9todos, como por ejemplo, a t\u00edtulo enunciativo y no limitativo, a trav\u00e9s de correo electr\u00f3nico, SMS, llamadas telef\u00f3nicas, mensajes de WhatsApp, canales de comunicaci\u00f3n a trav\u00e9s de redes sociales como Instagram o Facebook, etc;<\/li><li>Para cumplir con nuestras obligaciones en virtud de las leyes, reglamentos o legislaci\u00f3n comunitaria vigentes o para atender las solicitudes que recibamos de las autoridades competentes;<\/li><li>Para responder a solicitudes espec\u00edficas recibidas por Poke;<\/li><\/ul><h4>Datos personales que usted facilita voluntariamente<\/h4><p>Esta Pol\u00edtica de Privacidad tambi\u00e9n se aplica al tratamiento de los datos personales que usted facilite voluntariamente a trav\u00e9s de las Plataformas.<\/p><h4>Base jur\u00eddica para el tratamiento de datos personales<\/h4><p>La base jur\u00eddica para el tratamiento de sus datos personales es conforme a la letra b) del apartado 1 del art\u00edculo 6 del Reglamento ([...] el tratamiento es necesario para la ejecuci\u00f3n de un contrato en el que el interesado es parte, o para adoptar medidas a petici\u00f3n del interesado antes de celebrar un contrato), ya que el tratamiento es necesario para ofrecer nuestros servicios. El suministro de sus datos para estos fines es facultativo, pero si no los facilita o retira su consentimiento para el uso de sus datos, Poke no podr\u00e1 ofrecerle sus servicios.<\/p><p>Una vez facilitados los datos, su tratamiento es necesario para el cumplimiento de una obligaci\u00f3n legal que incumbe a Poke. La finalidad representa el tratamiento l\u00edcito de sus datos conforme a la letra c) del apartado 1 del art\u00edculo 6 del Reglamento ([...] el tratamiento es necesario para el cumplimiento de una obligaci\u00f3n jur\u00eddica que incumbe al responsable del tratamiento).<\/p><p>El tratamiento de sus datos llevado a cabo principalmente con fines de marketing, tal y como se menciona en las letras d), e) y f) del art\u00edculo 3, tendr\u00e1 lugar sobre la base de su consentimiento de conformidad con la letra a) del apartado 1 del art\u00edculo 6 ([...] el interesado ha consentido el tratamiento de sus datos personales para uno o m\u00e1s fines espec\u00edficos). El suministro de sus datos para los fines mencionados es, por tanto, totalmente opcional y no afecta a los servicios que Poke le ofrece a trav\u00e9s de las Plataformas.<\/p><p>Si desea oponerse al tratamiento de sus datos para los fines mencionados, puede ponerse en contacto con nosotros en cualquier momento en la siguiente direcci\u00f3n: info@pokeperfect.nl.<\/p><\/div><\/div><\/div><div class=\"page\" title=\"P\u00e1gina 4\"><div class=\"layoutArea\"><div class=\"column\"><p>Las actividades de tratamiento llevadas a cabo con fines de elaboraci\u00f3n de perfiles a que se refiere el art\u00edculo 3, letra g), se realizar\u00e1n sobre la base de su consentimiento, de conformidad con el art\u00edculo 6, apartado 1, letra a) ([...] el interesado ha consentido el tratamiento de sus datos personales para uno o varios fines espec\u00edficos) y con el art\u00edculo 22, apartado 2, letra c), del Reglamento.<\/p><h4>Geolocalizaci\u00f3n<\/h4><p>Uno de los servicios disponibles en las Plataformas es la posibilidad de que los usuarios reciban notificaciones push informando de que se encuentran cerca de un Poke local, si han dado su consentimiento expl\u00edcito para ello. Estos datos de localizaci\u00f3n no se transmiten ni est\u00e1n disponibles por Poke fuera de su dispositivo m\u00f3vil;<br \/>En cambio, y s\u00f3lo con su consentimiento expl\u00edcito, los sistemas de Apple y\/o Google procesan sus datos de localizaci\u00f3n para ofrecerle servicios (como sugerirle su sucursal m\u00e1s cercana). Siempre puedes desactivar el acceso a tus datos de localizaci\u00f3n a trav\u00e9s de los ajustes de tu dispositivo.<\/p><h4>Procesadores<\/h4><p>Sus datos personales ser\u00e1n tratados por personal formado e instruido al efecto por Poke en su condici\u00f3n de Responsable del Tratamiento. Sus datos tambi\u00e9n podr\u00e1n ser tratados por entidades que lo hagan en nombre de Poke como Encargado del Tratamiento, de conformidad con la legislaci\u00f3n vigente aplicable. Cuando dichos Encargados se encuentren en Estados no miembros de la UE, la transferencia de sus datos personales a dichos Encargados se realizar\u00e1 de conformidad con el Reglamento.<\/p><h4>Transferencia de datos personales<\/h4><p>Sus datos tambi\u00e9n podr\u00e1n compartirse con:<\/p><ul><li>Partes que normalmente act\u00faan como procesadores de datos, tales como i) personas, empresas o despachos profesionales que asisten y asesoran a Poke en asuntos contables, administrativos, legales, fiscales y financieros; ii) partes con las que es necesario cooperar para prestar nuestros servicios y\/u operar nuestras Plataformas (tales como proveedores de alojamiento, administradores de pagos, partes autorizadas para llevar a cabo actividades de mantenimiento t\u00e9cnico en la Plataforma y\/o los servidores en los que se almacenan sus datos);<\/li><li>Personas, entidades o autoridades competentes a las que Poke est\u00e1 obligado a revelar sus datos en virtud de disposiciones legales u \u00f3rdenes emitidas por las autoridades competentes;<\/li><\/ul><p>Personas autorizadas por Poke para el tratamiento de datos personales para la realizaci\u00f3n de actividades estrictamente relacionadas con la prestaci\u00f3n de nuestros servicios que se hayan comprometido a mantener la confidencialidad o tengan una obligaci\u00f3n legal de confidencialidad adecuada (en adelante denominados colectivamente los \"Destinatarios\").<\/p><p>Sus datos personales se conservar\u00e1n en servidores y ser\u00e1n tratados por Poke dentro del Espacio Econ\u00f3mico Europeo. Poke garantiza que el tratamiento de sus datos por parte de estos Destinatarios se realiza de conformidad con el Reglamento.<br \/>Poke asegura que el tratamiento de sus datos por parte de estos Destinatarios se realiza de conformidad con el Reglamento.<\/p><\/div><\/div><\/div><div class=\"page\" title=\"P\u00e1gina 5\"><div class=\"layoutArea\"><div class=\"column\"><p>Las transferencias pueden basarse en la adopci\u00f3n de decisiones sobre la adecuaci\u00f3n de las medidas de seguridad, en cl\u00e1usulas contractuales tipo aprobadas por la Comisi\u00f3n Europea o en cualquier otra base jur\u00eddica apropiada.<\/p><h4>Periodo de almacenamiento<\/h4><p>Sus datos personales se conservar\u00e1n durante un periodo de tiempo limitado, que depender\u00e1 de la finalidad para la que se recopilaron. Al final de este periodo, sus datos personales ser\u00e1n suprimidos, anonimizados de forma irreversible y\/o desactivados. El periodo de almacenamiento depende de la finalidad del tratamiento. Por ejemplo, los datos que utilizamos para enviarle nuestros boletines se almacenan hasta que usted nos pide que dejemos de envi\u00e1rselos y que le borremos de la lista de distribuci\u00f3n.<\/p><p>M\u00e1s concretamente, los datos personales tratados para los fines descritos en las letras a) y b) del art\u00edculo 3 s\u00f3lo se conservar\u00e1n durante el periodo estrictamente necesario para alcanzar dichos fines. Dado que el tratamiento tiene lugar para la prestaci\u00f3n de servicios, Poke conservar\u00e1 sus datos en todo caso durante el plazo prescrito y permitido por la legislaci\u00f3n neerlandesa.<\/p><p>Los datos tratados para los fines descritos en la letra c) del art\u00edculo 3 se conservar\u00e1n durante el per\u00edodo prescrito por la obligaci\u00f3n espec\u00edfica o la legislaci\u00f3n aplicable.<br \/>Por lo que respecta a los fines descritos en las letras d), e), f) y g) del art\u00edculo 3, sus datos ser\u00e1n tratados en general hasta que retire su consentimiento. En todos los casos, Poke aplica normas que impiden la conservaci\u00f3n de datos durante un periodo de tiempo ilimitado y limitan el periodo de almacenamiento en consonancia con los principios de minimizaci\u00f3n del tratamiento de datos.<\/p><p>Sus datos personales ser\u00e1n tratados por medios electr\u00f3nicos o, en cualquier caso, automatizados, as\u00ed como mediante tratamiento telem\u00e1tico o manual, con una justificaci\u00f3n de conservaci\u00f3n estrictamente relacionada con la finalidad para la que dichos datos fueron recogidos y, en cualquier caso, de forma que se garantice la misma seguridad.<\/p><p>Puede solicitar m\u00e1s informaci\u00f3n sobre este tema envi\u00e1ndonos un correo electr\u00f3nico a la siguiente direcci\u00f3n: info@pokeperfect.nl.<\/p><h4>Sus derechos<\/h4><p>De conformidad con el art\u00edculo 15 y siguientes del Reglamento, usted tiene derecho a solicitar a Poke el acceso, rectificaci\u00f3n, supresi\u00f3n u oposici\u00f3n al tratamiento de los datos personales recogidos sobre usted en cualquier momento. Tiene derecho a solicitar la limitaci\u00f3n del tratamiento de sus datos personales en los casos descritos en el art\u00edculo 18 del Reglamento y a obtener los datos sobre usted en un formato electr\u00f3nico estructurado y de uso com\u00fan en los casos descritos en el art\u00edculo 20 del Reglamento.<\/p><p>Estas solicitudes pueden hacerse por escrito a la siguiente direcci\u00f3n de correo electr\u00f3nico: info@pokeperfect.nl<\/p><p>M\u00e1s concretamente, sus derechos consisten en lo siguiente:<\/p><ul><li>Acceso y modificaci\u00f3n de datos Tiene derecho a acceder a sus datos personales y solicitar que se corrijan, modifiquen o complementen con otros datos. Tambi\u00e9n le enviaremos una copia de los datos sobre usted que obren en nuestro poder, si as\u00ed lo desea.<\/li><li>Retirada del consentimiento: usted podr\u00e1 retirar en cualquier momento el consentimiento que haya prestado para el tratamiento de sus datos personales en relaci\u00f3n con las actividades llevadas a cabo con fines de marketing (como el env\u00edo de comunicaciones comerciales y promocionales, la realizaci\u00f3n de estudios de mercado y cuestionarios, la personalizaci\u00f3n de la Plataforma y las ofertas comerciales). Una vez retirado su consentimiento, dejaremos inmediatamente de tratar sus datos personales sobre la base de dicho consentimiento, pero seguiremos llevando a cabo otras actividades de tratamiento en pleno cumplimiento de las disposiciones vigentes en ese momento.<\/li><li>Oponerse al tratamiento de sus datos personales: tiene derecho a oponerse en cualquier momento al tratamiento de sus datos personales realizado sobre la base de un inter\u00e9s leg\u00edtimo nuestro, con una explicaci\u00f3n de los motivos que justifican su solicitud. Poke examinar\u00e1 los motivos de su solicitud.<\/li><li>Supresi\u00f3n de datos personales: en los casos previstos por la legislaci\u00f3n vigente, puede solicitar la supresi\u00f3n de sus datos personales. Una vez recibida y examinada su solicitud, y si la consideramos justificada, interrumpiremos inmediatamente el tratamiento y suprimiremos sus datos personales.<\/li><li>Restricci\u00f3n temporal del tratamiento de datos personales: en este caso, Poke conserva sus datos personales pero no los trata, sin perjuicio de las excepciones previstas por la ley. La restricci\u00f3n del tratamiento puede solicitarse si usted se opone a la exactitud de sus datos personales, al tratamiento il\u00edcito, si ejerce derechos ante los tribunales y si se opone al tratamiento durante el periodo en el que evaluamos los motivos de su solicitud.<\/li><li>Transmisi\u00f3n de sus datos a un tercero (\"derecho a la portabilidad de los datos\"): puede solicitar que se le transmitan sus datos. Cuando sea t\u00e9cnicamente posible, sus datos podr\u00e1n transferirse a un tercero del que nos haya informado.<\/li><\/ul><h4>Quejas<\/h4><p>Si cree que el tratamiento de sus datos personales se ha llevado a cabo ilegalmente, puede presentar una reclamaci\u00f3n ante la autoridad de control del cumplimiento de la protecci\u00f3n de datos. En los Pa\u00edses Bajos, seg\u00fan el art\u00edculo 77 del Reglamento, la denuncia puede presentarse ante la Autoridad de Datos Personales. Encontrar\u00e1 m\u00e1s informaci\u00f3n sobre c\u00f3mo presentar una denuncia en el sitio web de la Autoridad de Datos Personales: https:\/\/autoriteitpersoonsgegevens.nl.<\/p><h4>Medidas de seguridad<\/h4><p>El tratamiento de sus datos personales se lleva a cabo con medidas de seguridad t\u00e9cnicas y organizativas espec\u00edficas destinadas a evitar usos il\u00edcitos o ilegales. M\u00e1s concretamente, aplicamos medidas que garantizan la seudonimizaci\u00f3n y\/o el cifrado, la confidencialidad, la integridad y la disponibilidad de sus datos. Adem\u00e1s, Poke se compromete a probar, verificar y evaluar peri\u00f3dicamente la eficacia de las medidas t\u00e9cnicas y organizativas para la mejora continua de la seguridad del tratamiento de datos.<br \/>Actualizaci\u00f3n de la pol\u00edtica de privacidad de la informaci\u00f3n<\/p><\/div><\/div><\/div><div class=\"page\" title=\"P\u00e1gina 6\"><div class=\"layoutArea\"><div class=\"column\">\u00a0<\/div><\/div><\/div><div class=\"page\" title=\"P\u00e1gina 7\"><div class=\"layoutArea\"><div class=\"column\"><p>Esta pol\u00edtica de privacidad est\u00e1 en vigor desde el 11 de marzo de 2022.<\/p><p>Esta pol\u00edtica de privacidad se actualizar\u00e1 e incorporar\u00e1 de vez en cuando, cuando sea necesario. Le rogamos que compruebe su contenido de vez en cuando; siempre que sea posible, intentaremos informarle inmediatamente de los cambios realizados y de sus consecuencias.<\/p><p>En esta p\u00e1gina puede encontrarse en todo momento una versi\u00f3n actualizada de la pol\u00edtica de privacidad, con indicaci\u00f3n de la fecha de la \u00faltima actualizaci\u00f3n.<\/p><\/div><\/div><\/div>\t\t\t\t\t\t\t\t<\/div>\n\t\t\t\t<\/div>\n\t\t\t\t\t<\/div>\n\t\t<\/div>\n\t\t\t\t\t<\/div>\n\t\t<\/section>\n\t\t\t\t<\/div>","protected":false},"excerpt":{"rendered":"<p>Informaci\u00f3n sobre el tratamiento de datos personales seg\u00fan y para los fines descritos en el art\u00edculo 13 del nuevo Reglamento europeo 2016\/679 relativo a la protecci\u00f3n de las personas f\u00edsicas en lo que respecta al tratamiento de datos personales (Reglamento general de protecci\u00f3n de datos - RGPD) Su privacidad Pok\u00e9 Perfect Beheer B.V. con sede en \u00c1msterdam, en Prinsengracht 502H, 1017KH, registrada [...].<\/p>","protected":false},"author":1,"featured_media":0,"parent":0,"menu_order":0,"comment_status":"closed","ping_status":"closed","template":"elementor_header_footer","meta":{"_acf_changed":false,"footnotes":"","_wpscppro_dont_share_socialmedia":false,"_wpscppro_custom_social_share_image":0,"_facebook_share_type":"","_twitter_share_type":"","_linkedin_share_type":"","_pinterest_share_type":"","_linkedin_share_type_page":"","_instagram_share_type":"","_medium_share_type":"","_threads_share_type":"","_google_business_share_type":"","_selected_social_profile":[],"_wpsp_enable_custom_social_template":false,"_wpsp_social_scheduling":{"enabled":false,"datetime":null,"platforms":[],"status":"template_only","dateOption":"today","timeOption":"now","customDays":"","customHours":"","customDate":"","customTime":"","schedulingType":"absolute"},"_wpsp_active_default_template":true},"locatie":[],"class_list":["post-6941","page","type-page","status-publish","hentry"],"acf":[],"_links":{"self":[{"href":"https:\/\/pokeperfect.nl\/es\/wp-json\/wp\/v2\/pages\/6941","targetHints":{"allow":["GET"]}}],"collection":[{"href":"https:\/\/pokeperfect.nl\/es\/wp-json\/wp\/v2\/pages"}],"about":[{"href":"https:\/\/pokeperfect.nl\/es\/wp-json\/wp\/v2\/types\/page"}],"author":[{"embeddable":true,"href":"https:\/\/pokeperfect.nl\/es\/wp-json\/wp\/v2\/users\/1"}],"replies":[{"embeddable":true,"href":"https:\/\/pokeperfect.nl\/es\/wp-json\/wp\/v2\/comments?post=6941"}],"version-history":[{"count":7,"href":"https:\/\/pokeperfect.nl\/es\/wp-json\/wp\/v2\/pages\/6941\/revisions"}],"predecessor-version":[{"id":6950,"href":"https:\/\/pokeperfect.nl\/es\/wp-json\/wp\/v2\/pages\/6941\/revisions\/6950"}],"wp:attachment":[{"href":"https:\/\/pokeperfect.nl\/es\/wp-json\/wp\/v2\/media?parent=6941"}],"wp:term":[{"taxonomy":"locatie","embeddable":true,"href":"https:\/\/pokeperfect.nl\/es\/wp-json\/wp\/v2\/locatie?post=6941"}],"curies":[{"name":"wp","href":"https:\/\/api.w.org\/{rel}","templated":true}]}}